{"id":478,"date":"2022-10-06T04:47:48","date_gmt":"2022-10-06T04:47:48","guid":{"rendered":"https:\/\/redvocesactivas.org\/?page_id=478"},"modified":"2022-10-06T06:17:17","modified_gmt":"2022-10-06T06:17:17","slug":"unete-a-la-red","status":"publish","type":"page","link":"https:\/\/redvocesactivas.org\/index.php\/unete-a-la-red\/","title":{"rendered":"\u00danete a la Red"},"content":{"rendered":"\t\t<div data-elementor-type=\"wp-page\" data-elementor-id=\"478\" class=\"elementor elementor-478\" data-elementor-post-type=\"page\">\n\t\t\t\t\t\t<section class=\"elementor-section elementor-top-section elementor-element elementor-element-e28d05d elementor-section-boxed elementor-section-height-default elementor-section-height-default\" data-id=\"e28d05d\" data-element_type=\"section\">\n\t\t\t\t\t\t<div class=\"elementor-container elementor-column-gap-default\">\n\t\t\t\t\t<div class=\"elementor-column elementor-col-50 elementor-top-column elementor-element elementor-element-0f245dc\" data-id=\"0f245dc\" data-element_type=\"column\">\n\t\t\t<div class=\"elementor-widget-wrap elementor-element-populated\">\n\t\t\t\t\t\t<div class=\"elementor-element elementor-element-bbaf6ce elementor-widget elementor-widget-heading\" data-id=\"bbaf6ce\" data-element_type=\"widget\" data-widget_type=\"heading.default\">\n\t\t\t\t<div class=\"elementor-widget-container\">\n\t\t\t\t\t<h2 class=\"elementor-heading-title elementor-size-default\">\u00bfQuieres hacer labor social y transformar en el presente, el futuro?<\/h2>\t\t\t\t<\/div>\n\t\t\t\t<\/div>\n\t\t\t\t<div class=\"elementor-element elementor-element-c4ea337 elementor-widget elementor-widget-text-editor\" data-id=\"c4ea337\" data-element_type=\"widget\" data-widget_type=\"text-editor.default\">\n\t\t\t\t<div class=\"elementor-widget-container\">\n\t\t\t\t\t\t\t\t\t<p>Es f\u00e1cil, tu o tu grupo\u00a0 solo debe enviar este breve formulario, donde se exprese tu inter\u00e9s por hacer la labor social con nosotros. Una vez recibido alguien de nuestro equipo te contactara para tener una conversaci\u00f3n breve.\u00a0<\/p>\n<p>Nos gustar\u00eda conocer las motivaciones tanto tuyas como del grupo. Te pondremos en contacto con otras estructuras e ingresaras a nuestro sistema donde podr\u00e1n ser parte de acciones regionales, seg\u00fan su tema te inter\u00e9s y oportunidades de formaci\u00f3n.\u00a0<\/p>\n<p><strong>Vamos, que esperas!<\/strong><\/p>\t\t\t\t\t\t\t\t<\/div>\n\t\t\t\t<\/div>\n\t\t\t\t\t<\/div>\n\t\t<\/div>\n\t\t\t\t<div class=\"elementor-column elementor-col-50 elementor-top-column elementor-element elementor-element-d431a9d\" data-id=\"d431a9d\" data-element_type=\"column\">\n\t\t\t<div class=\"elementor-widget-wrap\">\n\t\t\t\t\t\t\t<\/div>\n\t\t<\/div>\n\t\t\t\t\t<\/div>\n\t\t<\/section>\n\t\t\t\t<\/div>\n\t\t","protected":false},"excerpt":{"rendered":"<p>\u00bfQuieres hacer labor social y transformar en el presente, el futuro? Es f\u00e1cil, tu o tu grupo\u00a0 solo debe enviar este breve formulario, donde se exprese tu inter\u00e9s por hacer la labor social con nosotros. Una vez recibido alguien de nuestro equipo te contactara para tener una conversaci\u00f3n breve.\u00a0 Nos gustar\u00eda conocer las motivaciones tanto [&hellip;]<\/p>\n","protected":false},"author":28,"featured_media":276,"parent":0,"menu_order":0,"comment_status":"closed","ping_status":"closed","template":"","meta":{"om_disable_all_campaigns":false,"_monsterinsights_skip_tracking":false,"_monsterinsights_sitenote_active":false,"_monsterinsights_sitenote_note":"","_monsterinsights_sitenote_category":0,"footnotes":""},"class_list":["post-478","page","type-page","status-publish","has-post-thumbnail","hentry"],"aioseo_notices":[],"rise-blocks_excerpt":"\u00bfQuieres hacer labor social y transformar en el presente, el futuro? Es f\u00e1cil, tu o tu grupo\u00a0 solo debe enviar este breve formulario, donde se exprese tu inter\u00e9s por hacer la labor social con nosotros. Una vez recibido alguien de nuestro equipo te contactara para tener una conversaci\u00f3n breve.\u00a0 Nos gustar\u00eda conocer las motivaciones tanto tuyas como del grupo. Te..","_links":{"self":[{"href":"https:\/\/redvocesactivas.org\/index.php\/wp-json\/wp\/v2\/pages\/478","targetHints":{"allow":["GET"]}}],"collection":[{"href":"https:\/\/redvocesactivas.org\/index.php\/wp-json\/wp\/v2\/pages"}],"about":[{"href":"https:\/\/redvocesactivas.org\/index.php\/wp-json\/wp\/v2\/types\/page"}],"author":[{"embeddable":true,"href":"https:\/\/redvocesactivas.org\/index.php\/wp-json\/wp\/v2\/users\/28"}],"replies":[{"embeddable":true,"href":"https:\/\/redvocesactivas.org\/index.php\/wp-json\/wp\/v2\/comments?post=478"}],"version-history":[{"count":16,"href":"https:\/\/redvocesactivas.org\/index.php\/wp-json\/wp\/v2\/pages\/478\/revisions"}],"predecessor-version":[{"id":506,"href":"https:\/\/redvocesactivas.org\/index.php\/wp-json\/wp\/v2\/pages\/478\/revisions\/506"}],"wp:featuredmedia":[{"embeddable":true,"href":"https:\/\/redvocesactivas.org\/index.php\/wp-json\/wp\/v2\/media\/276"}],"wp:attachment":[{"href":"https:\/\/redvocesactivas.org\/index.php\/wp-json\/wp\/v2\/media?parent=478"}],"curies":[{"name":"wp","href":"https:\/\/api.w.org\/{rel}","templated":true}]}}