{"id":2748,"date":"2025-02-21T08:22:55","date_gmt":"2025-02-21T08:22:55","guid":{"rendered":"https:\/\/redvocesactivas.org\/?page_id=2748"},"modified":"2025-02-21T08:24:53","modified_gmt":"2025-02-21T08:24:53","slug":"oportunidades-de-becas","status":"publish","type":"page","link":"https:\/\/redvocesactivas.org\/index.php\/oportunidades-de-becas\/","title":{"rendered":"Oportunidades de Becas"},"content":{"rendered":"\t\t<div data-elementor-type=\"wp-page\" data-elementor-id=\"2748\" class=\"elementor elementor-2748\" data-elementor-post-type=\"page\">\n\t\t\t\t<div class=\"elementor-element elementor-element-fa340c9 e-flex e-con-boxed e-con e-parent\" data-id=\"fa340c9\" data-element_type=\"container\">\n\t\t\t\t\t<div class=\"e-con-inner\">\n\t\t<div class=\"elementor-element elementor-element-1b1e9cc e-con-full e-flex e-con e-child\" data-id=\"1b1e9cc\" data-element_type=\"container\">\n\t\t\t\t<div class=\"elementor-element elementor-element-c235db8 elementor-widget elementor-widget-image\" data-id=\"c235db8\" data-element_type=\"widget\" data-widget_type=\"image.default\">\n\t\t\t\t<div class=\"elementor-widget-container\">\n\t\t\t\t\t\t\t\t\t\t\t\t\t\t\t<img fetchpriority=\"high\" decoding=\"async\" width=\"800\" height=\"1010\" src=\"https:\/\/redvocesactivas.org\/wp-content\/uploads\/2025\/02\/Diseno-sin-titulo-811x1024.png\" class=\"attachment-large size-large wp-image-2535\" alt=\"\" srcset=\"https:\/\/redvocesactivas.org\/wp-content\/uploads\/2025\/02\/Diseno-sin-titulo-811x1024.png 811w, https:\/\/redvocesactivas.org\/wp-content\/uploads\/2025\/02\/Diseno-sin-titulo-238x300.png 238w, https:\/\/redvocesactivas.org\/wp-content\/uploads\/2025\/02\/Diseno-sin-titulo-768x969.png 768w, https:\/\/redvocesactivas.org\/wp-content\/uploads\/2025\/02\/Diseno-sin-titulo-600x757.png 600w, https:\/\/redvocesactivas.org\/wp-content\/uploads\/2025\/02\/Diseno-sin-titulo.png 851w\" sizes=\"(max-width: 800px) 100vw, 800px\" \/>\t\t\t\t\t\t\t\t\t\t\t\t\t\t\t<\/div>\n\t\t\t\t<\/div>\n\t\t\t\t<\/div>\n\t\t<div class=\"elementor-element elementor-element-5a1b477 e-con-full e-flex e-con e-child\" data-id=\"5a1b477\" data-element_type=\"container\">\n\t\t\t\t<div class=\"elementor-element elementor-element-61578a8 elementor-widget elementor-widget-spacer\" data-id=\"61578a8\" data-element_type=\"widget\" data-widget_type=\"spacer.default\">\n\t\t\t\t<div class=\"elementor-widget-container\">\n\t\t\t\t\t\t\t<div class=\"elementor-spacer\">\n\t\t\t<div class=\"elementor-spacer-inner\"><\/div>\n\t\t<\/div>\n\t\t\t\t\t\t<\/div>\n\t\t\t\t<\/div>\n\t\t\t\t<div class=\"elementor-element elementor-element-b9885d8 elementor-widget elementor-widget-heading\" data-id=\"b9885d8\" data-element_type=\"widget\" data-widget_type=\"heading.default\">\n\t\t\t\t<div class=\"elementor-widget-container\">\n\t\t\t\t\t<h2 class=\"elementor-heading-title elementor-size-default\">Becas ON! Encuentra Tu Pr\u00f3xima Oportunidad Sin Drama<\/h2>\t\t\t\t<\/div>\n\t\t\t\t<\/div>\n\t\t\t\t<div class=\"elementor-element elementor-element-7d073f3 elementor-widget elementor-widget-text-editor\" data-id=\"7d073f3\" data-element_type=\"widget\" data-widget_type=\"text-editor.default\">\n\t\t\t\t<div class=\"elementor-widget-container\">\n\t\t\t\t\t\t\t\t\t<p>Estos portales ofrecen informaci\u00f3n detallada sobre las diferentes oportunidades de becas disponibles, as\u00ed como los requisitos y procedimientos para aplicar. Te recomiendo visitar cada enlace para obtener informaci\u00f3n actualizada y espec\u00edfica seg\u00fan tus intereses y necesidades.<\/p>\t\t\t\t\t\t\t\t<\/div>\n\t\t\t\t<\/div>\n\t\t\t\t<\/div>\n\t\t\t\t\t<\/div>\n\t\t\t\t<\/div>\n\t\t<div class=\"elementor-element elementor-element-091753e e-flex e-con-boxed e-con e-parent\" data-id=\"091753e\" data-element_type=\"container\">\n\t\t\t\t\t<div class=\"e-con-inner\">\n\t\t\t\t<div class=\"elementor-element elementor-element-9b0ef90 elementor-widget elementor-widget-eael-adv-tabs\" data-id=\"9b0ef90\" data-element_type=\"widget\" data-widget_type=\"eael-adv-tabs.default\">\n\t\t\t\t<div class=\"elementor-widget-container\">\n\t\t\t\t\t        <div data-scroll-on-click=\"no\" data-scroll-speed=\"300\" id=\"eael-advance-tabs-9b0ef90\" class=\"eael-advance-tabs eael-tabs-horizontal eael-tab-auto-active \" data-tabid=\"9b0ef90\">\n            <div class=\"eael-tabs-nav \">\n                <ul class=\"\" role=\"tablist\">\n                                            <li id=\"beca-tu-futuro\" class=\"inactive eael-tab-item-trigger eael-tab-nav-item\" aria-selected=\"true\" data-tab=\"1\" role=\"tab\" tabindex=\"0\" aria-controls=\"beca-tu-futuro-tab\" aria-expanded=\"false\">\n                            \n                            \n                            \n                                                            <span class=\"eael-tab-title title-after-icon\" >Beca tu Futuro<\/span>                                                    <\/li>\n                                            <li id=\"becas-nacionales-mescyt\" class=\"inactive eael-tab-item-trigger eael-tab-nav-item\" aria-selected=\"false\" data-tab=\"2\" role=\"tab\" tabindex=\"-1\" aria-controls=\"becas-nacionales-mescyt-tab\" aria-expanded=\"false\">\n                            \n                            \n                            \n                                                            <span class=\"eael-tab-title title-after-icon\" >Becas Nacionales &#8211; MESCyT<\/span>                                                    <\/li>\n                                            <li id=\"becas-internacionales-mescyt\" class=\"inactive eael-tab-item-trigger eael-tab-nav-item\" aria-selected=\"false\" data-tab=\"3\" role=\"tab\" tabindex=\"-1\" aria-controls=\"becas-internacionales-mescyt-tab\" aria-expanded=\"false\">\n                            \n                            \n                            \n                                                            <span class=\"eael-tab-title title-after-icon\" >Becas Internacionales &#8211; MESCyT<\/span>                                                    <\/li>\n                                            <li id=\"portal-nico\" class=\"inactive eael-tab-item-trigger eael-tab-nav-item\" aria-selected=\"false\" data-tab=\"4\" role=\"tab\" tabindex=\"-1\" aria-controls=\"portal-nico-tab\" aria-expanded=\"false\">\n                            \n                            \n                            \n                                                            <span class=\"eael-tab-title title-after-icon\" >Portal \u00danico<\/span>                                                    <\/li>\n                    \n                                  <\/ul>\n            <\/div>\n            \n            <div class=\"eael-tabs-content\">\n\t\t        \n                    <div id=\"beca-tu-futuro-tab\" class=\"clearfix eael-tab-content-item inactive\" data-title-link=\"beca-tu-futuro-tab\">\n\t\t\t\t        <p>Esta plataforma web tiene como objetivo concentrar todas las oportunidades de becas en un solo lugar, documentando y gestionando desde la publicaci\u00f3n hasta la adjudicaci\u00f3n de todas las convocatorias. Con un dise\u00f1o renovado y funcionalidades optimizadas, esta herramienta se posiciona como clave para estudiantes que buscan avanzar en su formaci\u00f3n acad\u00e9mica.<\/p><p>Entre sus mejoras se incluyen una interfaz m\u00e1s amigable, integraci\u00f3n con la Cuenta \u00danica Ciudadana y centralizaci\u00f3n de documentos, facilitando as\u00ed el proceso de solicitud para los usuarios.<\/p><p><strong><a href=\"https:\/\/becas.gob.do\/\">\u00a1Ll\u00e9vame ah\u00ed!\u00a0<\/a><\/strong><\/p>                    <\/div>\n\t\t        \n                    <div id=\"becas-nacionales-mescyt-tab\" class=\"clearfix eael-tab-content-item inactive\" data-title-link=\"becas-nacionales-mescyt-tab\">\n\t\t\t\t        <p>El Programa de Becas Nacionales del Ministerio de Educaci\u00f3n Superior, Ciencia y Tecnolog\u00eda (MESCyT) ofrece oportunidades educativas a j\u00f3venes de escasos recursos econ\u00f3micos y con alta capacidad intelectual en todo el pa\u00eds. Las becas est\u00e1n dirigidas a estudios de T\u00e9cnico Superior, Grado y Postgrado, en \u00e1reas consideradas de prioridad nacional.<\/p><p>Los procesos de aplicaci\u00f3n son gratuitos y se realizan mediante convocatorias p\u00fablicas, garantizando la igualdad de oportunidades para todos los aspirantes.<\/p><p><a href=\"https:\/\/mescyt.gob.do\/becas\/nacionales\/\"><strong>\u00a1Ll\u00e9vame ah\u00ed!<\/strong><\/a><\/p>                    <\/div>\n\t\t        \n                    <div id=\"becas-internacionales-mescyt-tab\" class=\"clearfix eael-tab-content-item inactive\" data-title-link=\"becas-internacionales-mescyt-tab\">\n\t\t\t\t        <p>El MESCyT, en coordinaci\u00f3n con organismos internacionales y gobiernos de pa\u00edses amigos, ofrece programas de becas internacionales dirigidos a ciudadanos dominicanos interesados en cursar estudios de postgrado en el extranjero.<\/p><p>Estas oportunidades buscan fortalecer el capital humano del pa\u00eds en \u00e1reas estrat\u00e9gicas para el desarrollo nacional. Los aspirantes deben cumplir con los requisitos establecidos en cada convocatoria y someterse a un proceso de selecci\u00f3n competitivo.<\/p><p><a href=\"https:\/\/mescyt.gob.do\/becas\/internacionales\/\"><strong>\u00a1Ll\u00e9vame ah\u00ed!<\/strong><\/a><\/p>                    <\/div>\n\t\t        \n                    <div id=\"portal-nico-tab\" class=\"clearfix eael-tab-content-item inactive\" data-title-link=\"portal-nico-tab\">\n\t\t\t\t        <p>Este portal centraliza todos los servicios ofrecidos por el gobierno dominicano, incluyendo informaci\u00f3n sobre becas y otros tr\u00e1mites de inter\u00e9s para la ciudadan\u00eda. A trav\u00e9s de una interfaz intuitiva, los usuarios pueden acceder a diversas categor\u00edas de servicios, facilitando la b\u00fasqueda y gesti\u00f3n de informaci\u00f3n relevante.<\/p><p>Adem\u00e1s, el portal cuenta con puntos de atenci\u00f3n presencial en diferentes localidades para brindar soporte adicional a los usuarios.<\/p><p><strong><a href=\"https:\/\/www.gob.do\/\">\u00a1Ll\u00e9vame ah\u00ed!<\/a><\/strong><\/p>                    <\/div>\n\t\t                    <\/div>\n        <\/div>\n\t\t\t\t<\/div>\n\t\t\t\t<\/div>\n\t\t\t\t\t<\/div>\n\t\t\t\t<\/div>\n\t\t<div class=\"elementor-element elementor-element-a4f6308 e-flex e-con-boxed e-con e-parent\" data-id=\"a4f6308\" data-element_type=\"container\">\n\t\t\t\t\t<div class=\"e-con-inner\">\n\t\t<div class=\"elementor-element elementor-element-57cccad e-con-full e-flex e-con e-child\" data-id=\"57cccad\" data-element_type=\"container\">\n\t\t\t\t<\/div>\n\t\t<div class=\"elementor-element elementor-element-d5c19c4 e-con-full e-flex e-con e-child\" data-id=\"d5c19c4\" data-element_type=\"container\">\n\t\t\t\t<div class=\"elementor-element elementor-element-dfb81f8 elementor-widget elementor-widget-button\" data-id=\"dfb81f8\" data-element_type=\"widget\" data-widget_type=\"button.default\">\n\t\t\t\t<div class=\"elementor-widget-container\">\n\t\t\t\t\t\t\t\t\t<div class=\"elementor-button-wrapper\">\n\t\t\t\t\t<a class=\"elementor-button elementor-button-link elementor-size-sm\" href=\"https:\/\/mepyd.gob.do\/asistencia-tecnica-en-la-difusion-y-solicitud-de-becas-de-estudio\/\">\n\t\t\t\t\t\t<span class=\"elementor-button-content-wrapper\">\n\t\t\t\t\t\t\t\t\t<span class=\"elementor-button-text\">Asistencia a Becas de Estudio - MEPyD<\/span>\n\t\t\t\t\t<\/span>\n\t\t\t\t\t<\/a>\n\t\t\t\t<\/div>\n\t\t\t\t\t\t\t\t<\/div>\n\t\t\t\t<\/div>\n\t\t\t\t<\/div>\n\t\t<div class=\"elementor-element elementor-element-66d0e9c e-con-full e-flex e-con e-child\" data-id=\"66d0e9c\" data-element_type=\"container\">\n\t\t\t\t<div class=\"elementor-element elementor-element-6821afd elementor-widget elementor-widget-button\" data-id=\"6821afd\" data-element_type=\"widget\" data-widget_type=\"button.default\">\n\t\t\t\t<div class=\"elementor-widget-container\">\n\t\t\t\t\t\t\t\t\t<div class=\"elementor-button-wrapper\">\n\t\t\t\t\t<a class=\"elementor-button elementor-button-link elementor-size-sm\" href=\"https:\/\/juventud.gob.do\/ova_sev\/asistencia-a-becados-2\/\">\n\t\t\t\t\t\t<span class=\"elementor-button-content-wrapper\">\n\t\t\t\t\t\t\t\t\t<span class=\"elementor-button-text\">Asistencia a Becados - Ministerio de la Juventud<\/span>\n\t\t\t\t\t<\/span>\n\t\t\t\t\t<\/a>\n\t\t\t\t<\/div>\n\t\t\t\t\t\t\t\t<\/div>\n\t\t\t\t<\/div>\n\t\t\t\t<\/div>\n\t\t<div class=\"elementor-element elementor-element-9b89a04 e-con-full e-flex e-con e-child\" data-id=\"9b89a04\" data-element_type=\"container\">\n\t\t\t\t<\/div>\n\t\t\t\t\t<\/div>\n\t\t\t\t<\/div>\n\t\t\t\t<\/div>\n\t\t","protected":false},"excerpt":{"rendered":"<p>Becas ON! Encuentra Tu Pr\u00f3xima Oportunidad Sin Drama Estos portales ofrecen informaci\u00f3n detallada sobre las diferentes oportunidades de becas disponibles, as\u00ed como los requisitos y procedimientos para aplicar. Te recomiendo visitar cada enlace para obtener informaci\u00f3n actualizada y espec\u00edfica seg\u00fan tus intereses y necesidades. Beca tu Futuro Becas Nacionales &#8211; MESCyT Becas Internacionales &#8211; MESCyT [&hellip;]<\/p>\n","protected":false},"author":28,"featured_media":0,"parent":0,"menu_order":0,"comment_status":"closed","ping_status":"closed","template":"elementor_header_footer","meta":{"om_disable_all_campaigns":false,"_monsterinsights_skip_tracking":false,"_monsterinsights_sitenote_active":false,"_monsterinsights_sitenote_note":"","_monsterinsights_sitenote_category":0,"footnotes":""},"class_list":["post-2748","page","type-page","status-publish","hentry"],"aioseo_notices":[],"rise-blocks_excerpt":"Becas ON! Encuentra Tu Pr\u00f3xima Oportunidad Sin Drama Estos portales ofrecen informaci\u00f3n detallada sobre las diferentes oportunidades de becas disponibles, as\u00ed como los requisitos y procedimientos para aplicar. Te recomiendo visitar cada enlace para obtener informaci\u00f3n actualizada y espec\u00edfica seg\u00fan tus intereses y necesidades. Beca tu Futuro Becas Nacionales &#8211; MESCyT Becas Internacionales &#8211; MESCyT Portal \u00danico Esta plataforma web..","_links":{"self":[{"href":"https:\/\/redvocesactivas.org\/index.php\/wp-json\/wp\/v2\/pages\/2748","targetHints":{"allow":["GET"]}}],"collection":[{"href":"https:\/\/redvocesactivas.org\/index.php\/wp-json\/wp\/v2\/pages"}],"about":[{"href":"https:\/\/redvocesactivas.org\/index.php\/wp-json\/wp\/v2\/types\/page"}],"author":[{"embeddable":true,"href":"https:\/\/redvocesactivas.org\/index.php\/wp-json\/wp\/v2\/users\/28"}],"replies":[{"embeddable":true,"href":"https:\/\/redvocesactivas.org\/index.php\/wp-json\/wp\/v2\/comments?post=2748"}],"version-history":[{"count":4,"href":"https:\/\/redvocesactivas.org\/index.php\/wp-json\/wp\/v2\/pages\/2748\/revisions"}],"predecessor-version":[{"id":2752,"href":"https:\/\/redvocesactivas.org\/index.php\/wp-json\/wp\/v2\/pages\/2748\/revisions\/2752"}],"wp:attachment":[{"href":"https:\/\/redvocesactivas.org\/index.php\/wp-json\/wp\/v2\/media?parent=2748"}],"curies":[{"name":"wp","href":"https:\/\/api.w.org\/{rel}","templated":true}]}}