{"id":2309,"date":"2025-02-14T21:10:22","date_gmt":"2025-02-14T21:10:22","guid":{"rendered":"https:\/\/redvocesactivas.org\/?page_id=2309"},"modified":"2025-02-21T07:24:14","modified_gmt":"2025-02-21T07:24:14","slug":"estructuras_juveniles","status":"publish","type":"page","link":"https:\/\/redvocesactivas.org\/index.php\/estructuras_juveniles\/","title":{"rendered":"Estructura J.C."},"content":{"rendered":"\t\t<div data-elementor-type=\"wp-page\" data-elementor-id=\"2309\" class=\"elementor elementor-2309\" data-elementor-post-type=\"page\">\n\t\t\t\t<div class=\"elementor-element elementor-element-bb0274b e-con-full e-flex e-con e-parent\" data-id=\"bb0274b\" data-element_type=\"container\" data-settings=\"{&quot;background_background&quot;:&quot;slideshow&quot;,&quot;background_slideshow_gallery&quot;:[{&quot;id&quot;:1411,&quot;url&quot;:&quot;http:\\\/\\\/redvocesactivas.org\\\/wp-content\\\/uploads\\\/2023\\\/03\\\/DSC09611-scaled.jpg&quot;},{&quot;id&quot;:1168,&quot;url&quot;:&quot;http:\\\/\\\/redvocesactivas.org\\\/wp-content\\\/uploads\\\/2022\\\/10\\\/WhatsApp-Image-2022-08-03-at-2.48.37-PM.jpeg&quot;},{&quot;id&quot;:267,&quot;url&quot;:&quot;http:\\\/\\\/redvocesactivas.org\\\/wp-content\\\/uploads\\\/2022\\\/05\\\/NiA\\u00b1as-Los-Montones-camino06-scaled.jpg&quot;},{&quot;id&quot;:268,&quot;url&quot;:&quot;http:\\\/\\\/redvocesactivas.org\\\/wp-content\\\/uploads\\\/2022\\\/05\\\/Girls-Out-Loud-Barahona.-Foto-Fran-Afonso.-Foto-Fran-Afonso-21-de-107.jpg&quot;},{&quot;id&quot;:272,&quot;url&quot;:&quot;http:\\\/\\\/redvocesactivas.org\\\/wp-content\\\/uploads\\\/2022\\\/05\\\/WhatsApp-Image-2022-03-19-at-11.17.44-AM-1.jpeg&quot;},{&quot;id&quot;:393,&quot;url&quot;:&quot;http:\\\/\\\/redvocesactivas.org\\\/wp-content\\\/uploads\\\/2022\\\/01\\\/WhatsApp-Image-2022-06-17-at-2.15.35-AM.jpeg&quot;}],&quot;background_slideshow_slide_duration&quot;:4000,&quot;background_slideshow_slide_transition&quot;:&quot;slide_up&quot;,&quot;background_slideshow_loop&quot;:&quot;yes&quot;,&quot;background_slideshow_transition_duration&quot;:500}\">\n\t\t<div class=\"elementor-element elementor-element-16b66d9 e-con-full e-flex e-con e-child\" data-id=\"16b66d9\" data-element_type=\"container\">\n\t\t\t\t<div class=\"elementor-element elementor-element-80dc316 elementor-widget__width-initial elementor-invisible elementor-widget elementor-widget-heading\" data-id=\"80dc316\" data-element_type=\"widget\" data-settings=\"{&quot;_animation&quot;:&quot;fadeInUp&quot;}\" data-widget_type=\"heading.default\">\n\t\t\t\t<div class=\"elementor-widget-container\">\n\t\t\t\t\t<h2 class=\"elementor-heading-title elementor-size-default\">Definimos una Estructura Juvenil Comunitaria como:<\/h2>\t\t\t\t<\/div>\n\t\t\t\t<\/div>\n\t\t\t\t<\/div>\n\t\t<div class=\"elementor-element elementor-element-603c49b e-con-full e-flex e-con e-child\" data-id=\"603c49b\" data-element_type=\"container\">\n\t\t\t\t<div class=\"elementor-element elementor-element-f24afb6 elementor-invisible elementor-widget elementor-widget-text-editor\" data-id=\"f24afb6\" data-element_type=\"widget\" data-settings=\"{&quot;_animation&quot;:&quot;fadeInDown&quot;}\" data-widget_type=\"text-editor.default\">\n\t\t\t\t<div class=\"elementor-widget-container\">\n\t\t\t\t\t\t\t\t\t<p>Un grupo organizado de j\u00f3venes dentro de una comunidad que busca fomentar la participaci\u00f3n, el liderazgo y el desarrollo social a trav\u00e9s de acciones que atiendan sus necesidades y problem\u00e1ticas. Estas estructuras pueden estar conformadas por colectivos, asociaciones, redes o consejos juveniles que trabajan en colaboraci\u00f3n con instituciones p\u00fablicas y privadas para generar cambios positivos.<\/p>\t\t\t\t\t\t\t\t<\/div>\n\t\t\t\t<\/div>\n\t\t\t\t<\/div>\n\t\t\t\t<\/div>\n\t\t<div class=\"elementor-element elementor-element-4c62f2e e-flex e-con-boxed e-con e-parent\" data-id=\"4c62f2e\" data-element_type=\"container\">\n\t\t\t\t\t<div class=\"e-con-inner\">\n\t\t\t\t<div class=\"elementor-element elementor-element-1f98daa elementor-widget elementor-widget-spacer\" data-id=\"1f98daa\" data-element_type=\"widget\" data-widget_type=\"spacer.default\">\n\t\t\t\t<div class=\"elementor-widget-container\">\n\t\t\t\t\t\t\t<div class=\"elementor-spacer\">\n\t\t\t<div class=\"elementor-spacer-inner\"><\/div>\n\t\t<\/div>\n\t\t\t\t\t\t<\/div>\n\t\t\t\t<\/div>\n\t\t\t\t\t<\/div>\n\t\t\t\t<\/div>\n\t\t<div class=\"elementor-element elementor-element-6684d79 e-flex e-con-boxed elementor-invisible e-con e-parent\" data-id=\"6684d79\" data-element_type=\"container\" data-settings=\"{&quot;animation&quot;:&quot;fadeIn&quot;}\">\n\t\t\t\t\t<div class=\"e-con-inner\">\n\t\t<div class=\"elementor-element elementor-element-2a35db0 e-con-full e-flex e-con e-child\" data-id=\"2a35db0\" data-element_type=\"container\">\n\t\t\t\t<div class=\"elementor-element elementor-element-353b2f3 elementor-view-stacked elementor-shape-circle elementor-position-block-start elementor-mobile-position-block-start elementor-widget elementor-widget-icon-box\" data-id=\"353b2f3\" data-element_type=\"widget\" data-widget_type=\"icon-box.default\">\n\t\t\t\t<div class=\"elementor-widget-container\">\n\t\t\t\t\t\t\t<div class=\"elementor-icon-box-wrapper\">\n\n\t\t\t\t\t\t<div class=\"elementor-icon-box-icon\">\n\t\t\t\t<span  class=\"elementor-icon\">\n\t\t\t\t<svg aria-hidden=\"true\" class=\"e-font-icon-svg e-fab-font-awesome-flag\" viewBox=\"0 0 448 512\" xmlns=\"http:\/\/www.w3.org\/2000\/svg\"><path d=\"M444.373 359.424c0 7.168-6.144 10.24-13.312 13.312-28.672 12.288-59.392 23.552-92.16 23.552-46.08 0-67.584-28.672-122.88-28.672-39.936 0-81.92 14.336-115.712 29.696-2.048 1.024-4.096 1.024-6.144 2.048v77.824c0 21.405-16.122 34.816-33.792 34.816-19.456 0-34.816-15.36-34.816-34.816V102.4C12.245 92.16 3.029 75.776 3.029 57.344 3.029 25.6 28.629 0 60.373 0s57.344 25.6 57.344 57.344c0 18.432-8.192 34.816-22.528 45.056v31.744c4.124-1.374 58.768-28.672 114.688-28.672 65.27 0 97.676 27.648 126.976 27.648 38.912 0 81.92-27.648 92.16-27.648 8.192 0 15.36 6.144 15.36 13.312v240.64z\"><\/path><\/svg>\t\t\t\t<\/span>\n\t\t\t<\/div>\n\t\t\t\n\t\t\t\t\t\t<div class=\"elementor-icon-box-content\">\n\n\t\t\t\t\t\t\t\t\t<h3 class=\"elementor-icon-box-title\">\n\t\t\t\t\t\t<span  >\n\t\t\t\t\t\t\tMisi\u00f3n\t\t\t\t\t\t<\/span>\n\t\t\t\t\t<\/h3>\n\t\t\t\t\n\t\t\t\t\t\t\t\t\t<p class=\"elementor-icon-box-description\">\n\t\t\t\t\t\tImpulsar la participaci\u00f3n activa de la juventud en el desarrollo comunitario, promoviendo valores de solidaridad, equidad y liderazgo para mejorar la calidad de vida de los j\u00f3venes y sus comunidades.\t\t\t\t\t<\/p>\n\t\t\t\t\n\t\t\t<\/div>\n\t\t\t\n\t\t<\/div>\n\t\t\t\t\t\t<\/div>\n\t\t\t\t<\/div>\n\t\t\t\t<\/div>\n\t\t<div class=\"elementor-element elementor-element-2784ecd e-con-full e-flex e-con e-child\" data-id=\"2784ecd\" data-element_type=\"container\">\n\t\t\t\t<div class=\"elementor-element elementor-element-de2cf68 elementor-view-stacked elementor-shape-circle elementor-position-block-start elementor-mobile-position-block-start elementor-widget elementor-widget-icon-box\" data-id=\"de2cf68\" data-element_type=\"widget\" data-widget_type=\"icon-box.default\">\n\t\t\t\t<div class=\"elementor-widget-container\">\n\t\t\t\t\t\t\t<div class=\"elementor-icon-box-wrapper\">\n\n\t\t\t\t\t\t<div class=\"elementor-icon-box-icon\">\n\t\t\t\t<span  class=\"elementor-icon\">\n\t\t\t\t<svg aria-hidden=\"true\" class=\"e-font-icon-svg e-far-eye\" viewBox=\"0 0 576 512\" xmlns=\"http:\/\/www.w3.org\/2000\/svg\"><path d=\"M288 144a110.94 110.94 0 0 0-31.24 5 55.4 55.4 0 0 1 7.24 27 56 56 0 0 1-56 56 55.4 55.4 0 0 1-27-7.24A111.71 111.71 0 1 0 288 144zm284.52 97.4C518.29 135.59 410.93 64 288 64S57.68 135.64 3.48 241.41a32.35 32.35 0 0 0 0 29.19C57.71 376.41 165.07 448 288 448s230.32-71.64 284.52-177.41a32.35 32.35 0 0 0 0-29.19zM288 400c-98.65 0-189.09-55-237.93-144C98.91 167 189.34 112 288 112s189.09 55 237.93 144C477.1 345 386.66 400 288 400z\"><\/path><\/svg>\t\t\t\t<\/span>\n\t\t\t<\/div>\n\t\t\t\n\t\t\t\t\t\t<div class=\"elementor-icon-box-content\">\n\n\t\t\t\t\t\t\t\t\t<h3 class=\"elementor-icon-box-title\">\n\t\t\t\t\t\t<span  >\n\t\t\t\t\t\t\tVisi\u00f3n\t\t\t\t\t\t<\/span>\n\t\t\t\t\t<\/h3>\n\t\t\t\t\n\t\t\t\t\t\t\t\t\t<p class=\"elementor-icon-box-description\">\n\t\t\t\t\t\tSer una red de j\u00f3venes l\u00edderes comprometidos con la transformaci\u00f3n social y el bienestar comunitario, generando espacios de inclusi\u00f3n y oportunidades para el desarrollo integral de la juventud en un mudo mas equitativo para todos y todas.\t\t\t\t\t<\/p>\n\t\t\t\t\n\t\t\t<\/div>\n\t\t\t\n\t\t<\/div>\n\t\t\t\t\t\t<\/div>\n\t\t\t\t<\/div>\n\t\t\t\t<\/div>\n\t\t\t\t\t<\/div>\n\t\t\t\t<\/div>\n\t\t<div class=\"elementor-element elementor-element-83ec175 e-flex e-con-boxed e-con e-parent\" data-id=\"83ec175\" data-element_type=\"container\">\n\t\t\t\t\t<div class=\"e-con-inner\">\n\t\t\t\t<div class=\"elementor-element elementor-element-993b203 elementor-widget elementor-widget-spacer\" data-id=\"993b203\" data-element_type=\"widget\" data-widget_type=\"spacer.default\">\n\t\t\t\t<div class=\"elementor-widget-container\">\n\t\t\t\t\t\t\t<div class=\"elementor-spacer\">\n\t\t\t<div class=\"elementor-spacer-inner\"><\/div>\n\t\t<\/div>\n\t\t\t\t\t\t<\/div>\n\t\t\t\t<\/div>\n\t\t\t\t<div class=\"elementor-element elementor-element-adc7186 elementor-widget-divider--view-line_text elementor-widget__width-inherit elementor-widget-divider--separator-type-pattern elementor-widget-divider--bg-round elementor-widget-divider--element-align-center elementor-invisible elementor-widget elementor-widget-divider\" data-id=\"adc7186\" data-element_type=\"widget\" data-settings=\"{&quot;_animation&quot;:&quot;fadeInDown&quot;}\" data-widget_type=\"divider.default\">\n\t\t\t\t<div class=\"elementor-widget-container\">\n\t\t\t\t\t\t\t<div class=\"elementor-divider\" style=\"--divider-pattern-url: url(&quot;data:image\/svg+xml,%3Csvg xmlns=&#039;http:\/\/www.w3.org\/2000\/svg&#039; preserveAspectRatio=&#039;none&#039; overflow=&#039;visible&#039; height=&#039;100%&#039; viewBox=&#039;0 0 60 30&#039; fill=&#039;black&#039; stroke=&#039;none&#039;%3E%3Crect x=&#039;15&#039; y=&#039;0&#039; width=&#039;30&#039; height=&#039;30&#039;\/%3E%3C\/svg%3E&quot;);\">\n\t\t\t<span class=\"elementor-divider-separator\">\n\t\t\t\t\t\t<\/span>\n\t\t<\/div>\n\t\t\t\t\t\t<\/div>\n\t\t\t\t<\/div>\n\t\t\t\t\t<\/div>\n\t\t\t\t<\/div>\n\t\t<div class=\"elementor-element elementor-element-6a04ef73 e-con-full e-flex e-con e-parent\" data-id=\"6a04ef73\" data-element_type=\"container\" data-settings=\"{&quot;background_background&quot;:&quot;classic&quot;}\">\n\t\t<div class=\"elementor-element elementor-element-7b6bcef8 e-con-full e-flex e-con e-child\" data-id=\"7b6bcef8\" data-element_type=\"container\">\n\t\t\t\t<div class=\"elementor-element elementor-element-72fd4fea elementor-cta--layout-image-left elementor-cta--mobile-layout-image-above elementor-cta--valign-middle elementor-cta--skin-classic elementor-animated-content elementor-bg-transform elementor-bg-transform-zoom-in elementor-widget elementor-widget-call-to-action\" data-id=\"72fd4fea\" data-element_type=\"widget\" data-widget_type=\"call-to-action.default\">\n\t\t\t\t<div class=\"elementor-widget-container\">\n\t\t\t\t\t\t\t<div class=\"elementor-cta\">\n\t\t\t\t\t<div class=\"elementor-cta__bg-wrapper\">\n\t\t\t\t<div class=\"elementor-cta__bg elementor-bg\" style=\"background-image: url(https:\/\/redvocesactivas.org\/wp-content\/uploads\/2025\/02\/5050e350-31f8-41b8-8da5-5d8c785beadc-1024x768.jpg);\" role=\"img\" aria-label=\"5050e350-31f8-41b8-8da5-5d8c785beadc\"><\/div>\n\t\t\t\t<div class=\"elementor-cta__bg-overlay\"><\/div>\n\t\t\t<\/div>\n\t\t\t\t\t\t\t\t<\/div>\n\t\t\t\t\t\t<\/div>\n\t\t\t\t<\/div>\n\t\t\t\t<\/div>\n\t\t<div class=\"elementor-element elementor-element-76792472 e-con-full e-flex e-con e-child\" data-id=\"76792472\" data-element_type=\"container\">\n\t\t\t\t<div class=\"elementor-element elementor-element-5059885e elementor-widget elementor-widget-icon-box\" data-id=\"5059885e\" data-element_type=\"widget\" data-widget_type=\"icon-box.default\">\n\t\t\t\t<div class=\"elementor-widget-container\">\n\t\t\t\t\t\t\t<div class=\"elementor-icon-box-wrapper\">\n\n\t\t\t\n\t\t\t\t\t\t<div class=\"elementor-icon-box-content\">\n\n\t\t\t\t\t\t\t\t\t<h3 class=\"elementor-icon-box-title\">\n\t\t\t\t\t\t<span  >\n\t\t\t\t\t\t\tObjetivos de una Estructura Juvenil Comunitaria\t\t\t\t\t\t<\/span>\n\t\t\t\t\t<\/h3>\n\t\t\t\t\n\t\t\t\t\t\t\t\t\t<p class=\"elementor-icon-box-description\">\n\t\t\t\t\t\tLas estructuras juveniles comunitarias son super importantes para ayudarte a crecer y a hacer o\u00edr tu voz. Aqu\u00ed es donde tus ideas y energ\u00eda se encuentran con las necesidades reales de tu comunidad. Vamos a ver cu\u00e1les son los principales objetivos de estas estructuras, que est\u00e1n pensadas para animarte a participar activamente, tomar la iniciativa y asegurarte de que todos tengamos un lugar en la transformaci\u00f3n de nuestra sociedad.\t\t\t\t\t<\/p>\n\t\t\t\t\n\t\t\t<\/div>\n\t\t\t\n\t\t<\/div>\n\t\t\t\t\t\t<\/div>\n\t\t\t\t<\/div>\n\t\t\t\t<div class=\"elementor-element elementor-element-7dcec3e elementor-align-start elementor-icon-list--layout-traditional elementor-list-item-link-full_width elementor-widget elementor-widget-icon-list\" data-id=\"7dcec3e\" data-element_type=\"widget\" data-widget_type=\"icon-list.default\">\n\t\t\t\t<div class=\"elementor-widget-container\">\n\t\t\t\t\t\t\t<ul class=\"elementor-icon-list-items\">\n\t\t\t\t\t\t\t<li class=\"elementor-icon-list-item\">\n\t\t\t\t\t\t\t\t\t\t\t<span class=\"elementor-icon-list-icon\">\n\t\t\t\t\t\t\t<svg aria-hidden=\"true\" class=\"e-font-icon-svg e-fas-arrow-alt-circle-right\" viewBox=\"0 0 512 512\" xmlns=\"http:\/\/www.w3.org\/2000\/svg\"><path d=\"M256 8c137 0 248 111 248 248S393 504 256 504 8 393 8 256 119 8 256 8zM140 300h116v70.9c0 10.7 13 16.1 20.5 8.5l114.3-114.9c4.7-4.7 4.7-12.2 0-16.9l-114.3-115c-7.6-7.6-20.5-2.2-20.5 8.5V212H140c-6.6 0-12 5.4-12 12v64c0 6.6 5.4 12 12 12z\"><\/path><\/svg>\t\t\t\t\t\t<\/span>\n\t\t\t\t\t\t\t\t\t\t<span class=\"elementor-icon-list-text\">Fomentar la participaci\u00f3n juvenil en la toma de decisiones que impactan su comunidad y sus intereses.<\/span>\n\t\t\t\t\t\t\t\t\t<\/li>\n\t\t\t\t\t\t\t\t<li class=\"elementor-icon-list-item\">\n\t\t\t\t\t\t\t\t\t\t\t<span class=\"elementor-icon-list-icon\">\n\t\t\t\t\t\t\t<svg aria-hidden=\"true\" class=\"e-font-icon-svg e-fas-arrow-alt-circle-right\" viewBox=\"0 0 512 512\" xmlns=\"http:\/\/www.w3.org\/2000\/svg\"><path d=\"M256 8c137 0 248 111 248 248S393 504 256 504 8 393 8 256 119 8 256 8zM140 300h116v70.9c0 10.7 13 16.1 20.5 8.5l114.3-114.9c4.7-4.7 4.7-12.2 0-16.9l-114.3-115c-7.6-7.6-20.5-2.2-20.5 8.5V212H140c-6.6 0-12 5.4-12 12v64c0 6.6 5.4 12 12 12z\"><\/path><\/svg>\t\t\t\t\t\t<\/span>\n\t\t\t\t\t\t\t\t\t\t<span class=\"elementor-icon-list-text\">Empoderar a los y las j\u00f3venes mediante la formaci\u00f3n en liderazgo, ciudadan\u00eda activa y el reconocimiento pleno de sus derechos y habilidades para la vida.<\/span>\n\t\t\t\t\t\t\t\t\t<\/li>\n\t\t\t\t\t\t\t\t<li class=\"elementor-icon-list-item\">\n\t\t\t\t\t\t\t\t\t\t\t<span class=\"elementor-icon-list-icon\">\n\t\t\t\t\t\t\t<svg aria-hidden=\"true\" class=\"e-font-icon-svg e-fas-arrow-alt-circle-right\" viewBox=\"0 0 512 512\" xmlns=\"http:\/\/www.w3.org\/2000\/svg\"><path d=\"M256 8c137 0 248 111 248 248S393 504 256 504 8 393 8 256 119 8 256 8zM140 300h116v70.9c0 10.7 13 16.1 20.5 8.5l114.3-114.9c4.7-4.7 4.7-12.2 0-16.9l-114.3-115c-7.6-7.6-20.5-2.2-20.5 8.5V212H140c-6.6 0-12 5.4-12 12v64c0 6.6 5.4 12 12 12z\"><\/path><\/svg>\t\t\t\t\t\t<\/span>\n\t\t\t\t\t\t\t\t\t\t<span class=\"elementor-icon-list-text\">Promover la equidad y la inclusi\u00f3n, asegurando que las juventudes tengan acceso a oportunidades que impactan de forma positiva sus vidas.<\/span>\n\t\t\t\t\t\t\t\t\t<\/li>\n\t\t\t\t\t\t\t\t<li class=\"elementor-icon-list-item\">\n\t\t\t\t\t\t\t\t\t\t\t<span class=\"elementor-icon-list-icon\">\n\t\t\t\t\t\t\t<svg aria-hidden=\"true\" class=\"e-font-icon-svg e-fas-arrow-alt-circle-right\" viewBox=\"0 0 512 512\" xmlns=\"http:\/\/www.w3.org\/2000\/svg\"><path d=\"M256 8c137 0 248 111 248 248S393 504 256 504 8 393 8 256 119 8 256 8zM140 300h116v70.9c0 10.7 13 16.1 20.5 8.5l114.3-114.9c4.7-4.7 4.7-12.2 0-16.9l-114.3-115c-7.6-7.6-20.5-2.2-20.5 8.5V212H140c-6.6 0-12 5.4-12 12v64c0 6.6 5.4 12 12 12z\"><\/path><\/svg>\t\t\t\t\t\t<\/span>\n\t\t\t\t\t\t\t\t\t\t<span class=\"elementor-icon-list-text\">Abordar problem\u00e1ticas sociales como la violencia, el desempleo, la salud, acceso a la educaci\u00f3n, pocas oportunidades de involucrarse en actividades productivas. <\/span>\n\t\t\t\t\t\t\t\t\t<\/li>\n\t\t\t\t\t\t\t\t<li class=\"elementor-icon-list-item\">\n\t\t\t\t\t\t\t\t\t\t\t<span class=\"elementor-icon-list-icon\">\n\t\t\t\t\t\t\t<svg aria-hidden=\"true\" class=\"e-font-icon-svg e-fas-arrow-alt-circle-right\" viewBox=\"0 0 512 512\" xmlns=\"http:\/\/www.w3.org\/2000\/svg\"><path d=\"M256 8c137 0 248 111 248 248S393 504 256 504 8 393 8 256 119 8 256 8zM140 300h116v70.9c0 10.7 13 16.1 20.5 8.5l114.3-114.9c4.7-4.7 4.7-12.2 0-16.9l-114.3-115c-7.6-7.6-20.5-2.2-20.5 8.5V212H140c-6.6 0-12 5.4-12 12v64c0 6.6 5.4 12 12 12z\"><\/path><\/svg>\t\t\t\t\t\t<\/span>\n\t\t\t\t\t\t\t\t\t\t<span class=\"elementor-icon-list-text\">Fortalecer la identidad y cultura juvenil dentro de la comunidad a trav\u00e9s de actividades art\u00edsticas, deportivas y recreativas y de \u00edndole social.<\/span>\n\t\t\t\t\t\t\t\t\t<\/li>\n\t\t\t\t\t\t<\/ul>\n\t\t\t\t\t\t<\/div>\n\t\t\t\t<\/div>\n\t\t\t\t<\/div>\n\t\t\t\t<\/div>\n\t\t<div class=\"elementor-element elementor-element-93d881b e-flex e-con-boxed e-con e-parent\" data-id=\"93d881b\" data-element_type=\"container\">\n\t\t\t\t\t<div class=\"e-con-inner\">\n\t\t<div class=\"elementor-element elementor-element-7f849ff e-con-full e-flex e-con e-child\" data-id=\"7f849ff\" data-element_type=\"container\" data-settings=\"{&quot;background_background&quot;:&quot;classic&quot;}\">\n\t\t\t\t<div class=\"elementor-element elementor-element-67e533b elementor-widget elementor-widget-spacer\" data-id=\"67e533b\" data-element_type=\"widget\" data-widget_type=\"spacer.default\">\n\t\t\t\t<div class=\"elementor-widget-container\">\n\t\t\t\t\t\t\t<div class=\"elementor-spacer\">\n\t\t\t<div class=\"elementor-spacer-inner\"><\/div>\n\t\t<\/div>\n\t\t\t\t\t\t<\/div>\n\t\t\t\t<\/div>\n\t\t\t\t<div class=\"elementor-element elementor-element-b159d08 elementor-widget__width-initial elementor-invisible elementor-widget elementor-widget-text-editor\" data-id=\"b159d08\" data-element_type=\"widget\" data-settings=\"{&quot;_animation&quot;:&quot;fadeInDown&quot;}\" data-widget_type=\"text-editor.default\">\n\t\t\t\t<div class=\"elementor-widget-container\">\n\t\t\t\t\t\t\t\t\t<p>Nuestras <b>Acciones Significativas <\/b>en las<b> Comunidades <\/b>inician desde una <strong>perspectiva juvenil<\/strong> y <strong>priorizando<\/strong> las problem\u00e1ticas que <strong>afectan<\/strong> a los y las <strong>j\u00f3venes<\/strong>, las estructuras juveniles comunitarias pueden desarrollar diversas acciones como:<\/p>\t\t\t\t\t\t\t\t<\/div>\n\t\t\t\t<\/div>\n\t\t\t\t<div class=\"elementor-element elementor-element-457b916 elementor-widget elementor-widget-spacer\" data-id=\"457b916\" data-element_type=\"widget\" data-widget_type=\"spacer.default\">\n\t\t\t\t<div class=\"elementor-widget-container\">\n\t\t\t\t\t\t\t<div class=\"elementor-spacer\">\n\t\t\t<div class=\"elementor-spacer-inner\"><\/div>\n\t\t<\/div>\n\t\t\t\t\t\t<\/div>\n\t\t\t\t<\/div>\n\t\t\t\t<\/div>\n\t\t\t\t\t<\/div>\n\t\t\t\t<\/div>\n\t\t<div class=\"elementor-element elementor-element-ca5ff1d e-flex e-con-boxed e-con e-parent\" data-id=\"ca5ff1d\" data-element_type=\"container\" data-settings=\"{&quot;background_background&quot;:&quot;classic&quot;}\">\n\t\t\t\t\t<div class=\"e-con-inner\">\n\t\t<div class=\"elementor-element elementor-element-8f2ae2d e-con-full e-flex e-con e-child\" data-id=\"8f2ae2d\" data-element_type=\"container\">\n\t\t\t\t<\/div>\n\t\t<div class=\"elementor-element elementor-element-db27113 e-con-full e-flex e-con e-child\" data-id=\"db27113\" data-element_type=\"container\">\n\t\t\t\t<div class=\"elementor-element elementor-element-927b99d elementor-widget__width-initial elementor-invisible elementor-widget elementor-widget-text-editor\" data-id=\"927b99d\" data-element_type=\"widget\" data-settings=\"{&quot;_animation&quot;:&quot;fadeInUp&quot;}\" data-widget_type=\"text-editor.default\">\n\t\t\t\t<div class=\"elementor-widget-container\">\n\t\t\t\t\t\t\t\t\t<ul><li><b>Creaci\u00f3n de espacios seguros<\/b> para el di\u00e1logo y la resoluci\u00f3n de conflictos.<\/li><li><b>Jornadas de sensibilizaci\u00f3n y prevenci\u00f3n<\/b> sobre violencia, adicciones, salud mental y educaci\u00f3n sexual.<\/li><li><b>Capacitaciones en emprendimiento y empleabilidad<\/b> para mejorar las oportunidades econ\u00f3micas.<\/li><li><b>Proyectos de impacto ambiental<\/b> que promuevan el reciclaje, la reforestaci\u00f3n y la conciencia ecol\u00f3gica.<\/li><li><b>Eventos culturales y deportivos<\/b> para fomentar la identidad, el arte y el trabajo en equipo.<\/li><li><b>Plataformas digitales y campa\u00f1as<\/b> para amplificar las voces juveniles y generar incidencia pol\u00edtica.<\/li><li><b>Vinculaci\u00f3n con entidades gubernamentales y ONG<\/b> para obtener apoyo y recursos para sus iniciativas.<\/li><\/ul>\t\t\t\t\t\t\t\t<\/div>\n\t\t\t\t<\/div>\n\t\t\t\t<div class=\"elementor-element elementor-element-4641c41 elementor-widget elementor-widget-spacer\" data-id=\"4641c41\" data-element_type=\"widget\" data-widget_type=\"spacer.default\">\n\t\t\t\t<div class=\"elementor-widget-container\">\n\t\t\t\t\t\t\t<div class=\"elementor-spacer\">\n\t\t\t<div class=\"elementor-spacer-inner\"><\/div>\n\t\t<\/div>\n\t\t\t\t\t\t<\/div>\n\t\t\t\t<\/div>\n\t\t\t\t<\/div>\n\t\t<div class=\"elementor-element elementor-element-03531ca e-con-full e-flex e-con e-child\" data-id=\"03531ca\" data-element_type=\"container\">\n\t\t\t\t<\/div>\n\t\t\t\t\t<\/div>\n\t\t\t\t<\/div>\n\t\t<div class=\"elementor-element elementor-element-517bcdb e-flex e-con-boxed e-con e-parent\" data-id=\"517bcdb\" data-element_type=\"container\">\n\t\t\t\t\t<div class=\"e-con-inner\">\n\t\t<div class=\"elementor-element elementor-element-f351d4b e-con-full e-flex e-con e-child\" data-id=\"f351d4b\" data-element_type=\"container\">\n\t\t\t\t<div class=\"elementor-element elementor-element-9c537ad elementor-widget elementor-widget-text-editor\" data-id=\"9c537ad\" data-element_type=\"widget\" data-widget_type=\"text-editor.default\">\n\t\t\t\t<div class=\"elementor-widget-container\">\n\t\t\t\t\t\t\t\t\t<p>Esta estructura<strong> juvenil comunitaria<\/strong> busca ser un puente entre los y las j\u00f3venes y las <strong>oportunidades<\/strong>, promoviendo la participaci\u00f3n activa y el <strong>liderazgo<\/strong> como <strong>herramientas<\/strong> clave para la <strong>transformaci\u00f3n social<\/strong>.<\/p>\t\t\t\t\t\t\t\t<\/div>\n\t\t\t\t<\/div>\n\t\t\t\t<\/div>\n\t\t<div class=\"elementor-element elementor-element-3d36f33 e-con-full e-flex e-con e-child\" data-id=\"3d36f33\" data-element_type=\"container\">\n\t\t\t\t<div class=\"elementor-element elementor-element-bd2470c elementor-widget elementor-widget-image\" data-id=\"bd2470c\" data-element_type=\"widget\" data-widget_type=\"image.default\">\n\t\t\t\t<div class=\"elementor-widget-container\">\n\t\t\t\t\t\t\t\t\t\t\t\t\t\t\t<img fetchpriority=\"high\" decoding=\"async\" width=\"768\" height=\"512\" src=\"https:\/\/redvocesactivas.org\/wp-content\/uploads\/2023\/03\/DSC09531-768x512.jpg\" class=\"attachment-medium_large size-medium_large wp-image-1420\" alt=\"\" srcset=\"https:\/\/redvocesactivas.org\/wp-content\/uploads\/2023\/03\/DSC09531-768x512.jpg 768w, https:\/\/redvocesactivas.org\/wp-content\/uploads\/2023\/03\/DSC09531-600x400.jpg 600w\" sizes=\"(max-width: 768px) 100vw, 768px\" \/>\t\t\t\t\t\t\t\t\t\t\t\t\t\t\t<\/div>\n\t\t\t\t<\/div>\n\t\t\t\t<\/div>\n\t\t\t\t\t<\/div>\n\t\t\t\t<\/div>\n\t\t\t\t<\/div>\n\t\t","protected":false},"excerpt":{"rendered":"<p>Definimos una Estructura Juvenil Comunitaria como: Un grupo organizado de j\u00f3venes dentro de una comunidad que busca fomentar la participaci\u00f3n, el liderazgo y el desarrollo social a trav\u00e9s de acciones que atiendan sus necesidades y problem\u00e1ticas. Estas estructuras pueden estar conformadas por colectivos, asociaciones, redes o consejos juveniles que trabajan en colaboraci\u00f3n con instituciones p\u00fablicas [&hellip;]<\/p>\n","protected":false},"author":28,"featured_media":0,"parent":0,"menu_order":0,"comment_status":"closed","ping_status":"closed","template":"elementor_header_footer","meta":{"om_disable_all_campaigns":false,"_monsterinsights_skip_tracking":false,"_monsterinsights_sitenote_active":false,"_monsterinsights_sitenote_note":"","_monsterinsights_sitenote_category":0,"footnotes":""},"class_list":["post-2309","page","type-page","status-publish","hentry"],"aioseo_notices":[],"rise-blocks_excerpt":"Definimos una Estructura Juvenil Comunitaria como: Un grupo organizado de j\u00f3venes dentro de una comunidad que busca fomentar la participaci\u00f3n, el liderazgo y el desarrollo social a trav\u00e9s de acciones que atiendan sus necesidades y problem\u00e1ticas. Estas estructuras pueden estar conformadas por colectivos, asociaciones, redes o consejos juveniles que trabajan en colaboraci\u00f3n con instituciones p\u00fablicas y privadas para generar cambios..","_links":{"self":[{"href":"https:\/\/redvocesactivas.org\/index.php\/wp-json\/wp\/v2\/pages\/2309","targetHints":{"allow":["GET"]}}],"collection":[{"href":"https:\/\/redvocesactivas.org\/index.php\/wp-json\/wp\/v2\/pages"}],"about":[{"href":"https:\/\/redvocesactivas.org\/index.php\/wp-json\/wp\/v2\/types\/page"}],"author":[{"embeddable":true,"href":"https:\/\/redvocesactivas.org\/index.php\/wp-json\/wp\/v2\/users\/28"}],"replies":[{"embeddable":true,"href":"https:\/\/redvocesactivas.org\/index.php\/wp-json\/wp\/v2\/comments?post=2309"}],"version-history":[{"count":15,"href":"https:\/\/redvocesactivas.org\/index.php\/wp-json\/wp\/v2\/pages\/2309\/revisions"}],"predecessor-version":[{"id":2735,"href":"https:\/\/redvocesactivas.org\/index.php\/wp-json\/wp\/v2\/pages\/2309\/revisions\/2735"}],"wp:attachment":[{"href":"https:\/\/redvocesactivas.org\/index.php\/wp-json\/wp\/v2\/media?parent=2309"}],"curies":[{"name":"wp","href":"https:\/\/api.w.org\/{rel}","templated":true}]}}